{"id":935,"date":"2024-07-11T01:18:19","date_gmt":"2024-07-10T23:18:19","guid":{"rendered":"https:\/\/evcgroup.hiseo.cz\/?page_id=935"},"modified":"2024-07-11T01:28:31","modified_gmt":"2024-07-10T23:28:31","slug":"engineering","status":"publish","type":"page","link":"https:\/\/www.evcgroup.cz\/en\/engineering\/","title":{"rendered":"Engineering"},"content":{"rendered":"<div data-elementor-type=\"wp-page\" data-elementor-id=\"935\" class=\"elementor elementor-935\" data-elementor-post-type=\"page\">\n\t\t\t\t<div class=\"elementor-element elementor-element-55ee100 e-con-full e-flex e-con e-parent\" data-id=\"55ee100\" data-element_type=\"container\" data-settings=\"{&quot;background_background&quot;:&quot;none&quot;}\">\n\t\t<div class=\"elementor-element elementor-element-a65b3a9 e-con-full elementor-hidden-mobile e-flex elementor-invisible e-con e-child\" data-id=\"a65b3a9\" data-element_type=\"container\" data-settings=\"{&quot;background_background&quot;:&quot;classic&quot;,&quot;animation&quot;:&quot;slideInLeft&quot;}\">\n\t\t\t\t<div class=\"elementor-element elementor-element-b30f228 animated-slow elementor-widget__width-initial elementor-invisible elementor-widget elementor-widget-image\" data-id=\"b30f228\" data-element_type=\"widget\" data-settings=\"{&quot;_animation&quot;:&quot;slideInLeft&quot;,&quot;_animation_delay&quot;:100}\" data-widget_type=\"image.default\">\n\t\t\t\t<div class=\"elementor-widget-container\">\n\t\t\t\t\t\t\t\t\t\t\t\t\t<img fetchpriority=\"high\" decoding=\"async\" width=\"800\" height=\"450\" src=\"https:\/\/www.evcgroup.cz\/wp-content\/uploads\/2024\/07\/1-1024x576-1.webp\" class=\"attachment-large size-large wp-image-806\" alt=\"Energetick\u00e9 \u00falo\u017ei\u0161t\u011b, Bateriov\u00e9 energetick\u00e9 \u00falo\u017ei\u0161t\u011b, BSAE, BESS, ESS EVC group elektromobil baterie bateriov\u00e1 centra\" srcset=\"https:\/\/www.evcgroup.cz\/wp-content\/uploads\/2024\/07\/1-1024x576-1.webp 1024w, https:\/\/www.evcgroup.cz\/wp-content\/uploads\/2024\/07\/1-1024x576-1-300x169.webp 300w, https:\/\/www.evcgroup.cz\/wp-content\/uploads\/2024\/07\/1-1024x576-1-768x432.webp 768w\" sizes=\"(max-width: 800px) 100vw, 800px\" \/>\t\t\t\t\t\t\t\t\t\t\t\t\t<\/div>\n\t\t\t\t<\/div>\n\t\t\t\t<\/div>\n\t\t<div class=\"elementor-element elementor-element-d894259 e-con-full e-flex e-con e-child\" data-id=\"d894259\" data-element_type=\"container\" data-settings=\"{&quot;background_background&quot;:&quot;none&quot;}\">\n\t\t<div class=\"elementor-element elementor-element-1fafc8e e-flex e-con-boxed e-con e-child\" data-id=\"1fafc8e\" data-element_type=\"container\">\n\t\t\t\t\t<div class=\"e-con-inner\">\n\t\t\t\t<div class=\"elementor-element elementor-element-825f408 elementor-widget elementor-widget-heading\" data-id=\"825f408\" data-element_type=\"widget\" data-widget_type=\"heading.default\">\n\t\t\t\t<div class=\"elementor-widget-container\">\n\t\t\t<style>\/*! elementor - v3.23.0 - 05-08-2024 *\/\n.elementor-heading-title{padding:0;margin:0;line-height:1}.elementor-widget-heading .elementor-heading-title[class*=elementor-size-]>a{color:inherit;font-size:inherit;line-height:inherit}.elementor-widget-heading .elementor-heading-title.elementor-size-small{font-size:15px}.elementor-widget-heading .elementor-heading-title.elementor-size-medium{font-size:19px}.elementor-widget-heading .elementor-heading-title.elementor-size-large{font-size:29px}.elementor-widget-heading .elementor-heading-title.elementor-size-xl{font-size:39px}.elementor-widget-heading .elementor-heading-title.elementor-size-xxl{font-size:59px}<\/style><h2 class=\"elementor-heading-title elementor-size-default\">Engineering<\/h2>\t\t<\/div>\n\t\t\t\t<\/div>\n\t\t\t\t<div class=\"elementor-element elementor-element-b7fc745 elementor-widget-divider--view-line elementor-widget elementor-widget-divider\" data-id=\"b7fc745\" data-element_type=\"widget\" data-widget_type=\"divider.default\">\n\t\t\t\t<div class=\"elementor-widget-container\">\n\t\t\t<style>\/*! elementor - v3.23.0 - 05-08-2024 *\/\n.elementor-widget-divider{--divider-border-style:none;--divider-border-width:1px;--divider-color:#0c0d0e;--divider-icon-size:20px;--divider-element-spacing:10px;--divider-pattern-height:24px;--divider-pattern-size:20px;--divider-pattern-url:none;--divider-pattern-repeat:repeat-x}.elementor-widget-divider .elementor-divider{display:flex}.elementor-widget-divider .elementor-divider__text{font-size:15px;line-height:1;max-width:95%}.elementor-widget-divider .elementor-divider__element{margin:0 var(--divider-element-spacing);flex-shrink:0}.elementor-widget-divider .elementor-icon{font-size:var(--divider-icon-size)}.elementor-widget-divider .elementor-divider-separator{display:flex;margin:0;direction:ltr}.elementor-widget-divider--view-line_icon .elementor-divider-separator,.elementor-widget-divider--view-line_text .elementor-divider-separator{align-items:center}.elementor-widget-divider--view-line_icon .elementor-divider-separator:after,.elementor-widget-divider--view-line_icon .elementor-divider-separator:before,.elementor-widget-divider--view-line_text .elementor-divider-separator:after,.elementor-widget-divider--view-line_text .elementor-divider-separator:before{display:block;content:\"\";border-block-end:0;flex-grow:1;border-block-start:var(--divider-border-width) var(--divider-border-style) var(--divider-color)}.elementor-widget-divider--element-align-left .elementor-divider .elementor-divider-separator>.elementor-divider__svg:first-of-type{flex-grow:0;flex-shrink:100}.elementor-widget-divider--element-align-left .elementor-divider-separator:before{content:none}.elementor-widget-divider--element-align-left .elementor-divider__element{margin-left:0}.elementor-widget-divider--element-align-right .elementor-divider .elementor-divider-separator>.elementor-divider__svg:last-of-type{flex-grow:0;flex-shrink:100}.elementor-widget-divider--element-align-right .elementor-divider-separator:after{content:none}.elementor-widget-divider--element-align-right .elementor-divider__element{margin-right:0}.elementor-widget-divider--element-align-start .elementor-divider .elementor-divider-separator>.elementor-divider__svg:first-of-type{flex-grow:0;flex-shrink:100}.elementor-widget-divider--element-align-start .elementor-divider-separator:before{content:none}.elementor-widget-divider--element-align-start .elementor-divider__element{margin-inline-start:0}.elementor-widget-divider--element-align-end .elementor-divider .elementor-divider-separator>.elementor-divider__svg:last-of-type{flex-grow:0;flex-shrink:100}.elementor-widget-divider--element-align-end .elementor-divider-separator:after{content:none}.elementor-widget-divider--element-align-end .elementor-divider__element{margin-inline-end:0}.elementor-widget-divider:not(.elementor-widget-divider--view-line_text):not(.elementor-widget-divider--view-line_icon) .elementor-divider-separator{border-block-start:var(--divider-border-width) var(--divider-border-style) var(--divider-color)}.elementor-widget-divider--separator-type-pattern{--divider-border-style:none}.elementor-widget-divider--separator-type-pattern.elementor-widget-divider--view-line .elementor-divider-separator,.elementor-widget-divider--separator-type-pattern:not(.elementor-widget-divider--view-line) .elementor-divider-separator:after,.elementor-widget-divider--separator-type-pattern:not(.elementor-widget-divider--view-line) .elementor-divider-separator:before,.elementor-widget-divider--separator-type-pattern:not([class*=elementor-widget-divider--view]) .elementor-divider-separator{width:100%;min-height:var(--divider-pattern-height);-webkit-mask-size:var(--divider-pattern-size) 100%;mask-size:var(--divider-pattern-size) 100%;-webkit-mask-repeat:var(--divider-pattern-repeat);mask-repeat:var(--divider-pattern-repeat);background-color:var(--divider-color);-webkit-mask-image:var(--divider-pattern-url);mask-image:var(--divider-pattern-url)}.elementor-widget-divider--no-spacing{--divider-pattern-size:auto}.elementor-widget-divider--bg-round{--divider-pattern-repeat:round}.rtl .elementor-widget-divider .elementor-divider__text{direction:rtl}.e-con-inner>.elementor-widget-divider,.e-con>.elementor-widget-divider{width:var(--container-widget-width,100%);--flex-grow:var(--container-widget-flex-grow)}<\/style>\t\t<div class=\"elementor-divider\">\n\t\t\t<span class=\"elementor-divider-separator\">\n\t\t\t\t\t\t<\/span>\n\t\t<\/div>\n\t\t\t\t<\/div>\n\t\t\t\t<\/div>\n\t\t\t\t<div class=\"elementor-element elementor-element-7000d48 elementor-widget elementor-widget-text-editor\" data-id=\"7000d48\" data-element_type=\"widget\" data-widget_type=\"text-editor.default\">\n\t\t\t\t<div class=\"elementor-widget-container\">\n\t\t\t<style>\/*! elementor - v3.23.0 - 05-08-2024 *\/\n.elementor-widget-text-editor.elementor-drop-cap-view-stacked .elementor-drop-cap{background-color:#69727d;color:#fff}.elementor-widget-text-editor.elementor-drop-cap-view-framed .elementor-drop-cap{color:#69727d;border:3px solid;background-color:transparent}.elementor-widget-text-editor:not(.elementor-drop-cap-view-default) .elementor-drop-cap{margin-top:8px}.elementor-widget-text-editor:not(.elementor-drop-cap-view-default) .elementor-drop-cap-letter{width:1em;height:1em}.elementor-widget-text-editor .elementor-drop-cap{float:left;text-align:center;line-height:1;font-size:50px}.elementor-widget-text-editor .elementor-drop-cap-letter{display:inline-block}<\/style>\t\t\t\t<p>Engineering is about the value of an idea. It's about the ability to understand the goal perfectly. It's about consistency. It's about experience. It's about attention to detail.<\/p><p>And also enthusiasm for the cause.<\/p><p>At least that's how we see the engineering process\u00a0<a href=\"https:\/\/www.evcgroup.cz\/en\/kdo-jsme\/\">my<\/a>.<\/p><p>We believe in the quality of our solutions. We trust the quality of our people.<\/p><p>That's why we can make your idea a reality. We can realize your individual, unique and unprecedented project. We will transform your idea into a concrete, finished and manufactured solution.<\/p>\t\t\t\t\t\t<\/div>\n\t\t\t\t<\/div>\n\t\t\t\t\t<\/div>\n\t\t\t\t<\/div>\n\t\t\t\t<\/div>\n\t\t\t\t<\/div>\n\t\t<div class=\"elementor-element elementor-element-58bb1a1 e-flex e-con-boxed e-con e-parent\" data-id=\"58bb1a1\" data-element_type=\"container\">\n\t\t\t\t\t<div class=\"e-con-inner\">\n\t\t\t\t<div class=\"elementor-element elementor-element-1d9d3bb elementor-widget elementor-widget-text-editor\" data-id=\"1d9d3bb\" data-element_type=\"widget\" data-widget_type=\"text-editor.default\">\n\t\t\t\t<div class=\"elementor-widget-container\">\n\t\t\t\t\t\t\t<h3>Step One: Project Preparation<\/h3><p>Together with you, we will clarify what the goal of your project is. What the final product should be used for. What parameters it must meet. What it must not do.<\/p><h3>Step Two: Feasibility Study<\/h3><p>Can it really be made? If so, wouldn't it be economically inefficient and wouldn't it be better to use a standard solution?<\/p><h3>Step Three: conceptual design<\/h3><p>What will the final product look like as a whole? What will it consist of? How will the individual components be connected?<\/p><h3>Step Four: Risk analysis<\/h3><p>Where are the weak points of the project? What could happen in adverse circumstances? How can we avoid all possible risks?<\/p><h3>Step Five: project documentation<\/h3><p>What do you need to buy? What needs to be produced? Who implements what? Where is what to be delivered and when?<\/p><h3>Step Six: Implementation<\/h3><p>There, you're done, your product is ready and functional.<\/p>\t\t\t\t\t\t<\/div>\n\t\t\t\t<\/div>\n\t\t\t\t\t<\/div>\n\t\t\t\t<\/div>\n\t\t\t\t<\/div>","protected":false},"excerpt":{"rendered":"<p>Engineering Engineering je o hodnot\u011b my\u0161lenky. O schopnosti dokonale pochopit c\u00edl. O d\u016fslednosti. O zku\u0161enostech. O citu pro detail. A tak\u00e9 nad\u0161en\u00ed pro v\u011bc. Alespo\u0148 tak vid\u00edme proces engineeringu\u00a0my. V\u011b\u0159\u00edme kvalit\u011b sv\u00fdch \u0159e\u0161en\u00ed. V\u011b\u0159\u00edme kvalit\u011b na\u0161ich lid\u00ed. Proto dok\u00e1\u017eeme zrealizovat Va\u0161i p\u0159edstavu. Dok\u00e1\u017eeme zrealizovat V\u00e1\u0161 individu\u00e1ln\u00ed, jedine\u010dn\u00fd a bezprecendetn\u00ed projekt. P\u0159etav\u00edme Va\u0161i my\u0161lenku do konkr\u00e9tn\u00edho, [&hellip;]<\/p>","protected":false},"author":1,"featured_media":0,"parent":0,"menu_order":0,"comment_status":"closed","ping_status":"closed","template":"","meta":{"footnotes":""},"class_list":["post-935","page","type-page","status-publish","hentry"],"yoast_head":"<!-- This site is optimized with the Yoast SEO plugin v23.2 - https:\/\/yoast.com\/wordpress\/plugins\/seo\/ -->\n<title>Engineering - EVC Group s.r.o.<\/title>\n<meta name=\"robots\" content=\"index, follow, max-snippet:-1, max-image-preview:large, max-video-preview:-1\" \/>\n<link rel=\"canonical\" href=\"https:\/\/www.evcgroup.cz\/en\/engineering\/\" \/>\n<meta property=\"og:locale\" content=\"en_US\" \/>\n<meta property=\"og:type\" content=\"article\" \/>\n<meta property=\"og:title\" content=\"Engineering - EVC Group s.r.o.\" \/>\n<meta property=\"og:description\" content=\"Engineering Engineering je o hodnot\u011b my\u0161lenky. O schopnosti dokonale pochopit c\u00edl. O d\u016fslednosti. O zku\u0161enostech. O citu pro detail. A tak\u00e9 nad\u0161en\u00ed pro v\u011bc. Alespo\u0148 tak vid\u00edme proces engineeringu\u00a0my. V\u011b\u0159\u00edme kvalit\u011b sv\u00fdch \u0159e\u0161en\u00ed. V\u011b\u0159\u00edme kvalit\u011b na\u0161ich lid\u00ed. Proto dok\u00e1\u017eeme zrealizovat Va\u0161i p\u0159edstavu. Dok\u00e1\u017eeme zrealizovat V\u00e1\u0161 individu\u00e1ln\u00ed, jedine\u010dn\u00fd a bezprecendetn\u00ed projekt. P\u0159etav\u00edme Va\u0161i my\u0161lenku do konkr\u00e9tn\u00edho, [&hellip;]\" \/>\n<meta property=\"og:url\" content=\"https:\/\/www.evcgroup.cz\/en\/engineering\/\" \/>\n<meta property=\"og:site_name\" content=\"EVC Group s.r.o.\" \/>\n<meta property=\"article:modified_time\" content=\"2024-07-10T23:28:31+00:00\" \/>\n<meta property=\"og:image\" content=\"https:\/\/www.evcgroup.cz\/wp-content\/uploads\/2024\/07\/1-1024x576-1.webp\" \/>\n<meta name=\"twitter:card\" content=\"summary_large_image\" \/>\n<meta name=\"twitter:label1\" content=\"Est. reading time\" \/>\n\t<meta name=\"twitter:data1\" content=\"2 minutes\" \/>\n<script type=\"application\/ld+json\" class=\"yoast-schema-graph\">{\"@context\":\"https:\/\/schema.org\",\"@graph\":[{\"@type\":\"WebPage\",\"@id\":\"https:\/\/www.evcgroup.cz\/engineering\/\",\"url\":\"https:\/\/www.evcgroup.cz\/engineering\/\",\"name\":\"Engineering - EVC Group s.r.o.\",\"isPartOf\":{\"@id\":\"https:\/\/www.evcgroup.cz\/#website\"},\"primaryImageOfPage\":{\"@id\":\"https:\/\/www.evcgroup.cz\/engineering\/#primaryimage\"},\"image\":{\"@id\":\"https:\/\/www.evcgroup.cz\/engineering\/#primaryimage\"},\"thumbnailUrl\":\"https:\/\/www.evcgroup.cz\/wp-content\/uploads\/2024\/07\/1-1024x576-1.webp\",\"datePublished\":\"2024-07-10T23:18:19+00:00\",\"dateModified\":\"2024-07-10T23:28:31+00:00\",\"breadcrumb\":{\"@id\":\"https:\/\/www.evcgroup.cz\/engineering\/#breadcrumb\"},\"inLanguage\":\"en-US\",\"potentialAction\":[{\"@type\":\"ReadAction\",\"target\":[\"https:\/\/www.evcgroup.cz\/engineering\/\"]}]},{\"@type\":\"ImageObject\",\"inLanguage\":\"en-US\",\"@id\":\"https:\/\/www.evcgroup.cz\/engineering\/#primaryimage\",\"url\":\"https:\/\/www.evcgroup.cz\/wp-content\/uploads\/2024\/07\/1-1024x576-1.webp\",\"contentUrl\":\"https:\/\/www.evcgroup.cz\/wp-content\/uploads\/2024\/07\/1-1024x576-1.webp\"},{\"@type\":\"BreadcrumbList\",\"@id\":\"https:\/\/www.evcgroup.cz\/engineering\/#breadcrumb\",\"itemListElement\":[{\"@type\":\"ListItem\",\"position\":1,\"name\":\"Dom\u016f\",\"item\":\"https:\/\/www.evcgroup.cz\/\"},{\"@type\":\"ListItem\",\"position\":2,\"name\":\"Engineering\"}]},{\"@type\":\"WebSite\",\"@id\":\"https:\/\/www.evcgroup.cz\/#website\",\"url\":\"https:\/\/www.evcgroup.cz\/\",\"name\":\"EVC Group s.r.o.\",\"description\":\"EVC Group s.r.o. | Energetick\u00e9 \u00falo\u017ei\u0161t\u011b | BSAE | BESS | Bateriov\u00e9 energetick\u00e9 \u00falo\u017ei\u0161t\u011b | Pr\u016fmyslov\u00e1 \u0159e\u0161en\u00ed lithiov\u00fdch bateri\u00ed v\u010detn\u011b ESS | Vytvo\u0159ilo studio hi SEO, s.r.o. [hiseo.cz | vanocnifocenibrno.cz]\",\"publisher\":{\"@id\":\"https:\/\/www.evcgroup.cz\/#organization\"},\"potentialAction\":[{\"@type\":\"SearchAction\",\"target\":{\"@type\":\"EntryPoint\",\"urlTemplate\":\"https:\/\/www.evcgroup.cz\/?s={search_term_string}\"},\"query-input\":\"required name=search_term_string\"}],\"inLanguage\":\"en-US\"},{\"@type\":\"Organization\",\"@id\":\"https:\/\/www.evcgroup.cz\/#organization\",\"name\":\"EVC Group s.r.o.\",\"url\":\"https:\/\/www.evcgroup.cz\/\",\"logo\":{\"@type\":\"ImageObject\",\"inLanguage\":\"en-US\",\"@id\":\"https:\/\/www.evcgroup.cz\/#\/schema\/logo\/image\/\",\"url\":\"https:\/\/www.evcgroup.cz\/wp-content\/uploads\/2024\/03\/evc_logo_rgb.png\",\"contentUrl\":\"https:\/\/www.evcgroup.cz\/wp-content\/uploads\/2024\/03\/evc_logo_rgb.png\",\"width\":4543,\"height\":1687,\"caption\":\"EVC Group s.r.o.\"},\"image\":{\"@id\":\"https:\/\/www.evcgroup.cz\/#\/schema\/logo\/image\/\"}}]}<\/script>\n<!-- \/ Yoast SEO plugin. -->","yoast_head_json":{"title":"Engineering - EVC Group s.r.o.","robots":{"index":"index","follow":"follow","max-snippet":"max-snippet:-1","max-image-preview":"max-image-preview:large","max-video-preview":"max-video-preview:-1"},"canonical":"https:\/\/www.evcgroup.cz\/en\/engineering\/","og_locale":"en_US","og_type":"article","og_title":"Engineering - EVC Group s.r.o.","og_description":"Engineering Engineering je o hodnot\u011b my\u0161lenky. O schopnosti dokonale pochopit c\u00edl. O d\u016fslednosti. O zku\u0161enostech. O citu pro detail. A tak\u00e9 nad\u0161en\u00ed pro v\u011bc. Alespo\u0148 tak vid\u00edme proces engineeringu\u00a0my. V\u011b\u0159\u00edme kvalit\u011b sv\u00fdch \u0159e\u0161en\u00ed. V\u011b\u0159\u00edme kvalit\u011b na\u0161ich lid\u00ed. Proto dok\u00e1\u017eeme zrealizovat Va\u0161i p\u0159edstavu. Dok\u00e1\u017eeme zrealizovat V\u00e1\u0161 individu\u00e1ln\u00ed, jedine\u010dn\u00fd a bezprecendetn\u00ed projekt. P\u0159etav\u00edme Va\u0161i my\u0161lenku do konkr\u00e9tn\u00edho, [&hellip;]","og_url":"https:\/\/www.evcgroup.cz\/en\/engineering\/","og_site_name":"EVC Group s.r.o.","article_modified_time":"2024-07-10T23:28:31+00:00","og_image":[{"url":"https:\/\/www.evcgroup.cz\/wp-content\/uploads\/2024\/07\/1-1024x576-1.webp"}],"twitter_card":"summary_large_image","twitter_misc":{"Est. reading time":"2 minutes"},"schema":{"@context":"https:\/\/schema.org","@graph":[{"@type":"WebPage","@id":"https:\/\/www.evcgroup.cz\/engineering\/","url":"https:\/\/www.evcgroup.cz\/engineering\/","name":"Engineering - EVC Group s.r.o.","isPartOf":{"@id":"https:\/\/www.evcgroup.cz\/#website"},"primaryImageOfPage":{"@id":"https:\/\/www.evcgroup.cz\/engineering\/#primaryimage"},"image":{"@id":"https:\/\/www.evcgroup.cz\/engineering\/#primaryimage"},"thumbnailUrl":"https:\/\/www.evcgroup.cz\/wp-content\/uploads\/2024\/07\/1-1024x576-1.webp","datePublished":"2024-07-10T23:18:19+00:00","dateModified":"2024-07-10T23:28:31+00:00","breadcrumb":{"@id":"https:\/\/www.evcgroup.cz\/engineering\/#breadcrumb"},"inLanguage":"en-US","potentialAction":[{"@type":"ReadAction","target":["https:\/\/www.evcgroup.cz\/engineering\/"]}]},{"@type":"ImageObject","inLanguage":"en-US","@id":"https:\/\/www.evcgroup.cz\/engineering\/#primaryimage","url":"https:\/\/www.evcgroup.cz\/wp-content\/uploads\/2024\/07\/1-1024x576-1.webp","contentUrl":"https:\/\/www.evcgroup.cz\/wp-content\/uploads\/2024\/07\/1-1024x576-1.webp"},{"@type":"BreadcrumbList","@id":"https:\/\/www.evcgroup.cz\/engineering\/#breadcrumb","itemListElement":[{"@type":"ListItem","position":1,"name":"Dom\u016f","item":"https:\/\/www.evcgroup.cz\/"},{"@type":"ListItem","position":2,"name":"Engineering"}]},{"@type":"WebSite","@id":"https:\/\/www.evcgroup.cz\/#website","url":"https:\/\/www.evcgroup.cz\/","name":"EVC Group s.r.o.","description":"EVC Group s.r.o. | Energetick\u00e9 \u00falo\u017ei\u0161t\u011b | BSAE | BESS | Bateriov\u00e9 energetick\u00e9 \u00falo\u017ei\u0161t\u011b | Pr\u016fmyslov\u00e1 \u0159e\u0161en\u00ed lithiov\u00fdch bateri\u00ed v\u010detn\u011b ESS | Vytvo\u0159ilo studio hi SEO, s.r.o. [hiseo.cz | vanocnifocenibrno.cz]","publisher":{"@id":"https:\/\/www.evcgroup.cz\/#organization"},"potentialAction":[{"@type":"SearchAction","target":{"@type":"EntryPoint","urlTemplate":"https:\/\/www.evcgroup.cz\/?s={search_term_string}"},"query-input":"required name=search_term_string"}],"inLanguage":"en-US"},{"@type":"Organization","@id":"https:\/\/www.evcgroup.cz\/#organization","name":"EVC Group s.r.o.","url":"https:\/\/www.evcgroup.cz\/","logo":{"@type":"ImageObject","inLanguage":"en-US","@id":"https:\/\/www.evcgroup.cz\/#\/schema\/logo\/image\/","url":"https:\/\/www.evcgroup.cz\/wp-content\/uploads\/2024\/03\/evc_logo_rgb.png","contentUrl":"https:\/\/www.evcgroup.cz\/wp-content\/uploads\/2024\/03\/evc_logo_rgb.png","width":4543,"height":1687,"caption":"EVC Group s.r.o."},"image":{"@id":"https:\/\/www.evcgroup.cz\/#\/schema\/logo\/image\/"}}]}},"_links":{"self":[{"href":"https:\/\/www.evcgroup.cz\/en\/wp-json\/wp\/v2\/pages\/935","targetHints":{"allow":["GET"]}}],"collection":[{"href":"https:\/\/www.evcgroup.cz\/en\/wp-json\/wp\/v2\/pages"}],"about":[{"href":"https:\/\/www.evcgroup.cz\/en\/wp-json\/wp\/v2\/types\/page"}],"author":[{"embeddable":true,"href":"https:\/\/www.evcgroup.cz\/en\/wp-json\/wp\/v2\/users\/1"}],"replies":[{"embeddable":true,"href":"https:\/\/www.evcgroup.cz\/en\/wp-json\/wp\/v2\/comments?post=935"}],"version-history":[{"count":0,"href":"https:\/\/www.evcgroup.cz\/en\/wp-json\/wp\/v2\/pages\/935\/revisions"}],"wp:attachment":[{"href":"https:\/\/www.evcgroup.cz\/en\/wp-json\/wp\/v2\/media?parent=935"}],"curies":[{"name":"wp","href":"https:\/\/api.w.org\/{rel}","templated":true}]}}