{"id":933,"date":"2024-07-11T01:17:46","date_gmt":"2024-07-10T23:17:46","guid":{"rendered":"https:\/\/evcgroup.hiseo.cz\/?page_id=933"},"modified":"2025-05-22T01:20:24","modified_gmt":"2025-05-21T23:20:24","slug":"bsae","status":"publish","type":"page","link":"https:\/\/www.evcgroup.cz\/en\/bsae\/","title":{"rendered":"Energy storage"},"content":{"rendered":"<div data-elementor-type=\"wp-page\" data-elementor-id=\"933\" class=\"elementor elementor-933\" data-elementor-post-type=\"page\">\n\t\t\t\t<div class=\"elementor-element elementor-element-bf8bff0 e-con-full e-flex e-con e-parent\" data-id=\"bf8bff0\" data-element_type=\"container\" data-settings=\"{&quot;background_background&quot;:&quot;none&quot;}\">\n\t\t<div class=\"elementor-element elementor-element-424d837 e-con-full elementor-hidden-mobile e-flex elementor-invisible e-con e-child\" data-id=\"424d837\" data-element_type=\"container\" data-settings=\"{&quot;background_background&quot;:&quot;classic&quot;,&quot;animation&quot;:&quot;slideInLeft&quot;}\">\n\t\t\t\t<div class=\"elementor-element elementor-element-f1131a1 animated-slow elementor-widget__width-initial elementor-invisible elementor-widget elementor-widget-image\" data-id=\"f1131a1\" data-element_type=\"widget\" data-settings=\"{&quot;_animation&quot;:&quot;slideInLeft&quot;,&quot;_animation_delay&quot;:100}\" data-widget_type=\"image.default\">\n\t\t\t\t<div class=\"elementor-widget-container\">\n\t\t\t\t\t\t\t\t\t\t\t\t\t<img fetchpriority=\"high\" decoding=\"async\" width=\"800\" height=\"534\" src=\"https:\/\/www.evcgroup.cz\/wp-content\/uploads\/2024\/03\/evcgroup-lithiove-uloziste-02915-1024x683.webp\" class=\"attachment-large size-large wp-image-760\" alt=\"Energetick\u00e9 \u00falo\u017ei\u0161t\u011b, Bateriov\u00e9 energetick\u00e9 \u00falo\u017ei\u0161t\u011b, BSAE, BESS, ESS evcgroup lithiove\u0301 uloz\u030cis\u030cte\u030c\" srcset=\"https:\/\/www.evcgroup.cz\/wp-content\/uploads\/2024\/03\/evcgroup-lithiove-uloziste-02915-1024x683.webp 1024w, https:\/\/www.evcgroup.cz\/wp-content\/uploads\/2024\/03\/evcgroup-lithiove-uloziste-02915-300x200.webp 300w, https:\/\/www.evcgroup.cz\/wp-content\/uploads\/2024\/03\/evcgroup-lithiove-uloziste-02915-768x512.webp 768w, https:\/\/www.evcgroup.cz\/wp-content\/uploads\/2024\/03\/evcgroup-lithiove-uloziste-02915-1536x1025.webp 1536w, https:\/\/www.evcgroup.cz\/wp-content\/uploads\/2024\/03\/evcgroup-lithiove-uloziste-02915.webp 1920w\" sizes=\"(max-width: 800px) 100vw, 800px\" \/>\t\t\t\t\t\t\t\t\t\t\t\t\t<\/div>\n\t\t\t\t<\/div>\n\t\t\t\t<\/div>\n\t\t<div class=\"elementor-element elementor-element-57cb5bc e-con-full e-flex e-con e-child\" data-id=\"57cb5bc\" data-element_type=\"container\" data-settings=\"{&quot;background_background&quot;:&quot;none&quot;}\">\n\t\t<div class=\"elementor-element elementor-element-b100102 e-flex e-con-boxed e-con e-child\" data-id=\"b100102\" data-element_type=\"container\">\n\t\t\t\t\t<div class=\"e-con-inner\">\n\t\t\t\t<div class=\"elementor-element elementor-element-86a288c elementor-widget elementor-widget-heading\" data-id=\"86a288c\" data-element_type=\"widget\" data-widget_type=\"heading.default\">\n\t\t\t\t<div class=\"elementor-widget-container\">\n\t\t\t<style>\/*! elementor - v3.23.0 - 05-08-2024 *\/\n.elementor-heading-title{padding:0;margin:0;line-height:1}.elementor-widget-heading .elementor-heading-title[class*=elementor-size-]>a{color:inherit;font-size:inherit;line-height:inherit}.elementor-widget-heading .elementor-heading-title.elementor-size-small{font-size:15px}.elementor-widget-heading .elementor-heading-title.elementor-size-medium{font-size:19px}.elementor-widget-heading .elementor-heading-title.elementor-size-large{font-size:29px}.elementor-widget-heading .elementor-heading-title.elementor-size-xl{font-size:39px}.elementor-widget-heading .elementor-heading-title.elementor-size-xxl{font-size:59px}<\/style><h2 class=\"elementor-heading-title elementor-size-default\">Energy storage (ESS, BESS, BSAE, Battery storage)\n<\/h2>\t\t<\/div>\n\t\t\t\t<\/div>\n\t\t\t\t<div class=\"elementor-element elementor-element-b18ce70 elementor-widget-divider--view-line elementor-widget elementor-widget-divider\" data-id=\"b18ce70\" data-element_type=\"widget\" data-widget_type=\"divider.default\">\n\t\t\t\t<div class=\"elementor-widget-container\">\n\t\t\t<style>\/*! elementor - v3.23.0 - 05-08-2024 *\/\n.elementor-widget-divider{--divider-border-style:none;--divider-border-width:1px;--divider-color:#0c0d0e;--divider-icon-size:20px;--divider-element-spacing:10px;--divider-pattern-height:24px;--divider-pattern-size:20px;--divider-pattern-url:none;--divider-pattern-repeat:repeat-x}.elementor-widget-divider .elementor-divider{display:flex}.elementor-widget-divider .elementor-divider__text{font-size:15px;line-height:1;max-width:95%}.elementor-widget-divider .elementor-divider__element{margin:0 var(--divider-element-spacing);flex-shrink:0}.elementor-widget-divider .elementor-icon{font-size:var(--divider-icon-size)}.elementor-widget-divider .elementor-divider-separator{display:flex;margin:0;direction:ltr}.elementor-widget-divider--view-line_icon .elementor-divider-separator,.elementor-widget-divider--view-line_text .elementor-divider-separator{align-items:center}.elementor-widget-divider--view-line_icon .elementor-divider-separator:after,.elementor-widget-divider--view-line_icon .elementor-divider-separator:before,.elementor-widget-divider--view-line_text .elementor-divider-separator:after,.elementor-widget-divider--view-line_text .elementor-divider-separator:before{display:block;content:\"\";border-block-end:0;flex-grow:1;border-block-start:var(--divider-border-width) var(--divider-border-style) var(--divider-color)}.elementor-widget-divider--element-align-left .elementor-divider .elementor-divider-separator>.elementor-divider__svg:first-of-type{flex-grow:0;flex-shrink:100}.elementor-widget-divider--element-align-left .elementor-divider-separator:before{content:none}.elementor-widget-divider--element-align-left .elementor-divider__element{margin-left:0}.elementor-widget-divider--element-align-right .elementor-divider .elementor-divider-separator>.elementor-divider__svg:last-of-type{flex-grow:0;flex-shrink:100}.elementor-widget-divider--element-align-right .elementor-divider-separator:after{content:none}.elementor-widget-divider--element-align-right .elementor-divider__element{margin-right:0}.elementor-widget-divider--element-align-start .elementor-divider .elementor-divider-separator>.elementor-divider__svg:first-of-type{flex-grow:0;flex-shrink:100}.elementor-widget-divider--element-align-start .elementor-divider-separator:before{content:none}.elementor-widget-divider--element-align-start .elementor-divider__element{margin-inline-start:0}.elementor-widget-divider--element-align-end .elementor-divider .elementor-divider-separator>.elementor-divider__svg:last-of-type{flex-grow:0;flex-shrink:100}.elementor-widget-divider--element-align-end .elementor-divider-separator:after{content:none}.elementor-widget-divider--element-align-end .elementor-divider__element{margin-inline-end:0}.elementor-widget-divider:not(.elementor-widget-divider--view-line_text):not(.elementor-widget-divider--view-line_icon) .elementor-divider-separator{border-block-start:var(--divider-border-width) var(--divider-border-style) var(--divider-color)}.elementor-widget-divider--separator-type-pattern{--divider-border-style:none}.elementor-widget-divider--separator-type-pattern.elementor-widget-divider--view-line .elementor-divider-separator,.elementor-widget-divider--separator-type-pattern:not(.elementor-widget-divider--view-line) .elementor-divider-separator:after,.elementor-widget-divider--separator-type-pattern:not(.elementor-widget-divider--view-line) .elementor-divider-separator:before,.elementor-widget-divider--separator-type-pattern:not([class*=elementor-widget-divider--view]) .elementor-divider-separator{width:100%;min-height:var(--divider-pattern-height);-webkit-mask-size:var(--divider-pattern-size) 100%;mask-size:var(--divider-pattern-size) 100%;-webkit-mask-repeat:var(--divider-pattern-repeat);mask-repeat:var(--divider-pattern-repeat);background-color:var(--divider-color);-webkit-mask-image:var(--divider-pattern-url);mask-image:var(--divider-pattern-url)}.elementor-widget-divider--no-spacing{--divider-pattern-size:auto}.elementor-widget-divider--bg-round{--divider-pattern-repeat:round}.rtl .elementor-widget-divider .elementor-divider__text{direction:rtl}.e-con-inner>.elementor-widget-divider,.e-con>.elementor-widget-divider{width:var(--container-widget-width,100%);--flex-grow:var(--container-widget-flex-grow)}<\/style>\t\t<div class=\"elementor-divider\">\n\t\t\t<span class=\"elementor-divider-separator\">\n\t\t\t\t\t\t<\/span>\n\t\t<\/div>\n\t\t\t\t<\/div>\n\t\t\t\t<\/div>\n\t\t\t\t<div class=\"elementor-element elementor-element-b8f4e11 elementor-widget elementor-widget-text-editor\" data-id=\"b8f4e11\" data-element_type=\"widget\" data-widget_type=\"text-editor.default\">\n\t\t\t\t<div class=\"elementor-widget-container\">\n\t\t\t<style>\/*! elementor - v3.23.0 - 05-08-2024 *\/\n.elementor-widget-text-editor.elementor-drop-cap-view-stacked .elementor-drop-cap{background-color:#69727d;color:#fff}.elementor-widget-text-editor.elementor-drop-cap-view-framed .elementor-drop-cap{color:#69727d;border:3px solid;background-color:transparent}.elementor-widget-text-editor:not(.elementor-drop-cap-view-default) .elementor-drop-cap{margin-top:8px}.elementor-widget-text-editor:not(.elementor-drop-cap-view-default) .elementor-drop-cap-letter{width:1em;height:1em}.elementor-widget-text-editor .elementor-drop-cap{float:left;text-align:center;line-height:1;font-size:50px}.elementor-widget-text-editor .elementor-drop-cap-letter{display:inline-block}<\/style>\t\t\t\t<p>Energy storage systems allow you to store electricity \"for a rainy day\". In households, this can be energy from photovoltaics - too much during the day, not enough at night. Similarly, in electricity transmission systems, sometimes there is too much energy, sometimes there is not enough.<\/p><p>Our battery solutions can be used for energy storage in non-mobile applications, such as small-scale energy storage in homes with self-generated electricity (photovoltaic, wind, hydro or other power plants), or large-scale industrial solutions for balancing fluctuations in the transmission system.<\/p><p>For these solutions, we supply battery systems that we can literally put our hands on: we guarantee their reliability, durability and performance.<\/p><p>We develop batteries in our <a href=\"https:\/\/www.evcgroup.cz\/en\/bateriove-clanky-2\/\">Laboratory\u00a0<\/a>and are controlled\u00a0<a href=\"https:\/\/www.evcgroup.cz\/en\/hardware-software\/\">our own BMS software<\/a>.<\/p><p>For more information on our own battery storage\u00a0<a href=\"https:\/\/www.evcgroup.cz\/en\/bateriove-energeticke-uloziste\/\">here<\/a>.<\/p>\t\t\t\t\t\t<\/div>\n\t\t\t\t<\/div>\n\t\t\t\t<div class=\"elementor-element elementor-element-07982d7 elementor-align-left elementor-widget elementor-widget-button\" data-id=\"07982d7\" data-element_type=\"widget\" data-widget_type=\"button.default\">\n\t\t\t\t<div class=\"elementor-widget-container\">\n\t\t\t\t\t<div class=\"elementor-button-wrapper\">\n\t\t\t<a class=\"elementor-button elementor-button-link elementor-size-sm elementor-animation-grow\" href=\"https:\/\/www.evcgroup.cz\/en\/bateriove-energeticke-uloziste\/\">\n\t\t\t\t\t\t<span class=\"elementor-button-content-wrapper\">\n\t\t\t\t\t\t\t\t\t<span class=\"elementor-button-text\">More information<\/span>\n\t\t\t\t\t<\/span>\n\t\t\t\t\t<\/a>\n\t\t<\/div>\n\t\t\t\t<\/div>\n\t\t\t\t<\/div>\n\t\t\t\t\t<\/div>\n\t\t\t\t<\/div>\n\t\t\t\t<\/div>\n\t\t\t\t<\/div>\n\t\t\t\t<\/div>","protected":false},"excerpt":{"rendered":"<p>Energetick\u00e1 \u00falo\u017ei\u0161t\u011b (ESS, BESS, BSAE, Bateriov\u00e1 \u00falo\u017ei\u0161t\u011b) Energetick\u00e1 \u00falo\u017ei\u0161t\u011b umo\u017e\u0148uj\u00ed uschovat si elekt\u0159inu \u201ena hor\u0161\u00ed \u010dasy\u201c. V\u00a0dom\u00e1cnostech to m\u016f\u017ee b\u00fdt nap\u0159. energie z\u00a0fotovoltaiky &#8211; p\u0159es den j\u00ed je moc, v\u00a0noci m\u00e1lo. Podobn\u011b je to i v\u00a0elektrick\u00fdch p\u0159enosov\u00fdch soustav\u00e1ch &#8211; n\u011bkdy je p\u0159\u00edsun energie p\u0159\u00edli\u0161 vysok\u00fd, jindy zase energie chyb\u00ed. Na\u0161e bateriov\u00e1 \u0159e\u0161en\u00ed mohou b\u00fdt vyu\u017eita [&hellip;]<\/p>","protected":false},"author":1,"featured_media":0,"parent":0,"menu_order":0,"comment_status":"closed","ping_status":"closed","template":"","meta":{"footnotes":""},"class_list":["post-933","page","type-page","status-publish","hentry"],"yoast_head":"<!-- This site is optimized with the Yoast SEO plugin v23.2 - https:\/\/yoast.com\/wordpress\/plugins\/seo\/ -->\n<title>Energetick\u00e1 \u00falo\u017ei\u0161t\u011b - EVC Group s.r.o.<\/title>\n<meta name=\"robots\" content=\"index, follow, max-snippet:-1, max-image-preview:large, max-video-preview:-1\" \/>\n<link rel=\"canonical\" href=\"https:\/\/www.evcgroup.cz\/en\/bsae\/\" \/>\n<meta property=\"og:locale\" content=\"en_US\" \/>\n<meta property=\"og:type\" content=\"article\" \/>\n<meta property=\"og:title\" content=\"Energetick\u00e1 \u00falo\u017ei\u0161t\u011b - EVC Group s.r.o.\" \/>\n<meta property=\"og:description\" content=\"Energetick\u00e1 \u00falo\u017ei\u0161t\u011b (ESS, BESS, BSAE, Bateriov\u00e1 \u00falo\u017ei\u0161t\u011b) Energetick\u00e1 \u00falo\u017ei\u0161t\u011b umo\u017e\u0148uj\u00ed uschovat si elekt\u0159inu \u201ena hor\u0161\u00ed \u010dasy\u201c. V\u00a0dom\u00e1cnostech to m\u016f\u017ee b\u00fdt nap\u0159. energie z\u00a0fotovoltaiky &#8211; p\u0159es den j\u00ed je moc, v\u00a0noci m\u00e1lo. Podobn\u011b je to i v\u00a0elektrick\u00fdch p\u0159enosov\u00fdch soustav\u00e1ch &#8211; n\u011bkdy je p\u0159\u00edsun energie p\u0159\u00edli\u0161 vysok\u00fd, jindy zase energie chyb\u00ed. Na\u0161e bateriov\u00e1 \u0159e\u0161en\u00ed mohou b\u00fdt vyu\u017eita [&hellip;]\" \/>\n<meta property=\"og:url\" content=\"https:\/\/www.evcgroup.cz\/en\/bsae\/\" \/>\n<meta property=\"og:site_name\" content=\"EVC Group s.r.o.\" \/>\n<meta property=\"article:modified_time\" content=\"2025-05-21T23:20:24+00:00\" \/>\n<meta property=\"og:image\" content=\"https:\/\/www.evcgroup.cz\/wp-content\/uploads\/2024\/03\/evcgroup-lithiove-uloziste-02915-1024x683.webp\" \/>\n<meta name=\"twitter:card\" content=\"summary_large_image\" \/>\n<meta name=\"twitter:label1\" content=\"Est. reading time\" \/>\n\t<meta name=\"twitter:data1\" content=\"1 minute\" \/>\n<script type=\"application\/ld+json\" class=\"yoast-schema-graph\">{\"@context\":\"https:\/\/schema.org\",\"@graph\":[{\"@type\":\"WebPage\",\"@id\":\"https:\/\/www.evcgroup.cz\/bsae\/\",\"url\":\"https:\/\/www.evcgroup.cz\/bsae\/\",\"name\":\"Energetick\u00e1 \u00falo\u017ei\u0161t\u011b - EVC Group s.r.o.\",\"isPartOf\":{\"@id\":\"https:\/\/www.evcgroup.cz\/#website\"},\"primaryImageOfPage\":{\"@id\":\"https:\/\/www.evcgroup.cz\/bsae\/#primaryimage\"},\"image\":{\"@id\":\"https:\/\/www.evcgroup.cz\/bsae\/#primaryimage\"},\"thumbnailUrl\":\"https:\/\/www.evcgroup.cz\/wp-content\/uploads\/2024\/03\/evcgroup-lithiove-uloziste-02915-1024x683.webp\",\"datePublished\":\"2024-07-10T23:17:46+00:00\",\"dateModified\":\"2025-05-21T23:20:24+00:00\",\"breadcrumb\":{\"@id\":\"https:\/\/www.evcgroup.cz\/bsae\/#breadcrumb\"},\"inLanguage\":\"en-US\",\"potentialAction\":[{\"@type\":\"ReadAction\",\"target\":[\"https:\/\/www.evcgroup.cz\/bsae\/\"]}]},{\"@type\":\"ImageObject\",\"inLanguage\":\"en-US\",\"@id\":\"https:\/\/www.evcgroup.cz\/bsae\/#primaryimage\",\"url\":\"https:\/\/www.evcgroup.cz\/wp-content\/uploads\/2024\/03\/evcgroup-lithiove-uloziste-02915-1024x683.webp\",\"contentUrl\":\"https:\/\/www.evcgroup.cz\/wp-content\/uploads\/2024\/03\/evcgroup-lithiove-uloziste-02915-1024x683.webp\"},{\"@type\":\"BreadcrumbList\",\"@id\":\"https:\/\/www.evcgroup.cz\/bsae\/#breadcrumb\",\"itemListElement\":[{\"@type\":\"ListItem\",\"position\":1,\"name\":\"Dom\u016f\",\"item\":\"https:\/\/www.evcgroup.cz\/\"},{\"@type\":\"ListItem\",\"position\":2,\"name\":\"Energetick\u00e1 \u00falo\u017ei\u0161t\u011b\"}]},{\"@type\":\"WebSite\",\"@id\":\"https:\/\/www.evcgroup.cz\/#website\",\"url\":\"https:\/\/www.evcgroup.cz\/\",\"name\":\"EVC Group s.r.o.\",\"description\":\"EVC Group s.r.o. | Energetick\u00e9 \u00falo\u017ei\u0161t\u011b | BSAE | BESS | Bateriov\u00e9 energetick\u00e9 \u00falo\u017ei\u0161t\u011b | Pr\u016fmyslov\u00e1 \u0159e\u0161en\u00ed lithiov\u00fdch bateri\u00ed v\u010detn\u011b ESS | Vytvo\u0159ilo studio hi SEO, s.r.o. [hiseo.cz | vanocnifocenibrno.cz]\",\"publisher\":{\"@id\":\"https:\/\/www.evcgroup.cz\/#organization\"},\"potentialAction\":[{\"@type\":\"SearchAction\",\"target\":{\"@type\":\"EntryPoint\",\"urlTemplate\":\"https:\/\/www.evcgroup.cz\/?s={search_term_string}\"},\"query-input\":\"required name=search_term_string\"}],\"inLanguage\":\"en-US\"},{\"@type\":\"Organization\",\"@id\":\"https:\/\/www.evcgroup.cz\/#organization\",\"name\":\"EVC Group s.r.o.\",\"url\":\"https:\/\/www.evcgroup.cz\/\",\"logo\":{\"@type\":\"ImageObject\",\"inLanguage\":\"en-US\",\"@id\":\"https:\/\/www.evcgroup.cz\/#\/schema\/logo\/image\/\",\"url\":\"https:\/\/www.evcgroup.cz\/wp-content\/uploads\/2024\/03\/evc_logo_rgb.png\",\"contentUrl\":\"https:\/\/www.evcgroup.cz\/wp-content\/uploads\/2024\/03\/evc_logo_rgb.png\",\"width\":4543,\"height\":1687,\"caption\":\"EVC Group s.r.o.\"},\"image\":{\"@id\":\"https:\/\/www.evcgroup.cz\/#\/schema\/logo\/image\/\"}}]}<\/script>\n<!-- \/ Yoast SEO plugin. -->","yoast_head_json":{"title":"Energetick\u00e1 \u00falo\u017ei\u0161t\u011b - EVC Group s.r.o.","robots":{"index":"index","follow":"follow","max-snippet":"max-snippet:-1","max-image-preview":"max-image-preview:large","max-video-preview":"max-video-preview:-1"},"canonical":"https:\/\/www.evcgroup.cz\/en\/bsae\/","og_locale":"en_US","og_type":"article","og_title":"Energetick\u00e1 \u00falo\u017ei\u0161t\u011b - EVC Group s.r.o.","og_description":"Energetick\u00e1 \u00falo\u017ei\u0161t\u011b (ESS, BESS, BSAE, Bateriov\u00e1 \u00falo\u017ei\u0161t\u011b) Energetick\u00e1 \u00falo\u017ei\u0161t\u011b umo\u017e\u0148uj\u00ed uschovat si elekt\u0159inu \u201ena hor\u0161\u00ed \u010dasy\u201c. V\u00a0dom\u00e1cnostech to m\u016f\u017ee b\u00fdt nap\u0159. energie z\u00a0fotovoltaiky &#8211; p\u0159es den j\u00ed je moc, v\u00a0noci m\u00e1lo. Podobn\u011b je to i v\u00a0elektrick\u00fdch p\u0159enosov\u00fdch soustav\u00e1ch &#8211; n\u011bkdy je p\u0159\u00edsun energie p\u0159\u00edli\u0161 vysok\u00fd, jindy zase energie chyb\u00ed. Na\u0161e bateriov\u00e1 \u0159e\u0161en\u00ed mohou b\u00fdt vyu\u017eita [&hellip;]","og_url":"https:\/\/www.evcgroup.cz\/en\/bsae\/","og_site_name":"EVC Group s.r.o.","article_modified_time":"2025-05-21T23:20:24+00:00","og_image":[{"url":"https:\/\/www.evcgroup.cz\/wp-content\/uploads\/2024\/03\/evcgroup-lithiove-uloziste-02915-1024x683.webp"}],"twitter_card":"summary_large_image","twitter_misc":{"Est. reading time":"1 minute"},"schema":{"@context":"https:\/\/schema.org","@graph":[{"@type":"WebPage","@id":"https:\/\/www.evcgroup.cz\/bsae\/","url":"https:\/\/www.evcgroup.cz\/bsae\/","name":"Energetick\u00e1 \u00falo\u017ei\u0161t\u011b - EVC Group s.r.o.","isPartOf":{"@id":"https:\/\/www.evcgroup.cz\/#website"},"primaryImageOfPage":{"@id":"https:\/\/www.evcgroup.cz\/bsae\/#primaryimage"},"image":{"@id":"https:\/\/www.evcgroup.cz\/bsae\/#primaryimage"},"thumbnailUrl":"https:\/\/www.evcgroup.cz\/wp-content\/uploads\/2024\/03\/evcgroup-lithiove-uloziste-02915-1024x683.webp","datePublished":"2024-07-10T23:17:46+00:00","dateModified":"2025-05-21T23:20:24+00:00","breadcrumb":{"@id":"https:\/\/www.evcgroup.cz\/bsae\/#breadcrumb"},"inLanguage":"en-US","potentialAction":[{"@type":"ReadAction","target":["https:\/\/www.evcgroup.cz\/bsae\/"]}]},{"@type":"ImageObject","inLanguage":"en-US","@id":"https:\/\/www.evcgroup.cz\/bsae\/#primaryimage","url":"https:\/\/www.evcgroup.cz\/wp-content\/uploads\/2024\/03\/evcgroup-lithiove-uloziste-02915-1024x683.webp","contentUrl":"https:\/\/www.evcgroup.cz\/wp-content\/uploads\/2024\/03\/evcgroup-lithiove-uloziste-02915-1024x683.webp"},{"@type":"BreadcrumbList","@id":"https:\/\/www.evcgroup.cz\/bsae\/#breadcrumb","itemListElement":[{"@type":"ListItem","position":1,"name":"Dom\u016f","item":"https:\/\/www.evcgroup.cz\/"},{"@type":"ListItem","position":2,"name":"Energetick\u00e1 \u00falo\u017ei\u0161t\u011b"}]},{"@type":"WebSite","@id":"https:\/\/www.evcgroup.cz\/#website","url":"https:\/\/www.evcgroup.cz\/","name":"EVC Group s.r.o.","description":"EVC Group s.r.o. | Energetick\u00e9 \u00falo\u017ei\u0161t\u011b | BSAE | BESS | Bateriov\u00e9 energetick\u00e9 \u00falo\u017ei\u0161t\u011b | Pr\u016fmyslov\u00e1 \u0159e\u0161en\u00ed lithiov\u00fdch bateri\u00ed v\u010detn\u011b ESS | Vytvo\u0159ilo studio hi SEO, s.r.o. [hiseo.cz | vanocnifocenibrno.cz]","publisher":{"@id":"https:\/\/www.evcgroup.cz\/#organization"},"potentialAction":[{"@type":"SearchAction","target":{"@type":"EntryPoint","urlTemplate":"https:\/\/www.evcgroup.cz\/?s={search_term_string}"},"query-input":"required name=search_term_string"}],"inLanguage":"en-US"},{"@type":"Organization","@id":"https:\/\/www.evcgroup.cz\/#organization","name":"EVC Group s.r.o.","url":"https:\/\/www.evcgroup.cz\/","logo":{"@type":"ImageObject","inLanguage":"en-US","@id":"https:\/\/www.evcgroup.cz\/#\/schema\/logo\/image\/","url":"https:\/\/www.evcgroup.cz\/wp-content\/uploads\/2024\/03\/evc_logo_rgb.png","contentUrl":"https:\/\/www.evcgroup.cz\/wp-content\/uploads\/2024\/03\/evc_logo_rgb.png","width":4543,"height":1687,"caption":"EVC Group s.r.o."},"image":{"@id":"https:\/\/www.evcgroup.cz\/#\/schema\/logo\/image\/"}}]}},"_links":{"self":[{"href":"https:\/\/www.evcgroup.cz\/en\/wp-json\/wp\/v2\/pages\/933","targetHints":{"allow":["GET"]}}],"collection":[{"href":"https:\/\/www.evcgroup.cz\/en\/wp-json\/wp\/v2\/pages"}],"about":[{"href":"https:\/\/www.evcgroup.cz\/en\/wp-json\/wp\/v2\/types\/page"}],"author":[{"embeddable":true,"href":"https:\/\/www.evcgroup.cz\/en\/wp-json\/wp\/v2\/users\/1"}],"replies":[{"embeddable":true,"href":"https:\/\/www.evcgroup.cz\/en\/wp-json\/wp\/v2\/comments?post=933"}],"version-history":[{"count":3,"href":"https:\/\/www.evcgroup.cz\/en\/wp-json\/wp\/v2\/pages\/933\/revisions"}],"predecessor-version":[{"id":1286,"href":"https:\/\/www.evcgroup.cz\/en\/wp-json\/wp\/v2\/pages\/933\/revisions\/1286"}],"wp:attachment":[{"href":"https:\/\/www.evcgroup.cz\/en\/wp-json\/wp\/v2\/media?parent=933"}],"curies":[{"name":"wp","href":"https:\/\/api.w.org\/{rel}","templated":true}]}}